{"id":117,"date":"2023-07-24T13:41:40","date_gmt":"2023-07-24T16:41:40","guid":{"rendered":"http:\/\/fullti.com.br\/?page_id=117"},"modified":"2023-07-25T07:31:39","modified_gmt":"2023-07-25T10:31:39","slug":"backup-online","status":"publish","type":"page","link":"https:\/\/www.fullti.com.br\/?page_id=117","title":{"rendered":"Backup em nuvem"},"content":{"rendered":"\n<div class=\"wp-block-cover has-parallax\"><span aria-hidden=\"true\" class=\"wp-block-cover__background has-background-dim\"><\/span><div role=\"img\" class=\"wp-block-cover__image-background wp-image-123 has-parallax\" style=\"background-position:50% 50%;background-image:url(http:\/\/fullti.com.br\/wp-content\/uploads\/2023\/07\/big-data-servers-shiny-corridor-scaled-1-1024x576.jpg)\"><\/div><div class=\"wp-block-cover__inner-container is-layout-flow wp-block-cover-is-layout-flow\">\n<p class=\"has-text-align-left has-x-large-font-size\"><strong>Backup em nuvem<\/strong><\/p>\n<\/div><\/div>\n\n\n\n<p class=\"has-medium-font-size\"><strong>Backup confi\u00e1vel por um pre\u00e7o justo.<\/strong><\/p>\n\n\n\n<p class=\"has-medium-font-size\">J\u00e1 se fez o seguinte questionamento:<mark style=\"background-color:rgba(0, 0, 0, 0)\" class=\"has-inline-color has-black-color\"> <\/mark><em><strong><mark style=\"background-color:rgba(0, 0, 0, 0)\" class=\"has-inline-color has-black-color\">E se meu servidor pegar fogo, for roubado ou invadido por um hacker?<\/mark><\/strong><\/em><br>Situa\u00e7\u00e3o dif\u00edcil n\u00e9? Pois bem, a maioria das pessoas t\u00eam um backup <span style=\"text-decoration: underline;\">no mesmo local do servidor<\/span>, muitas vezes <span style=\"text-decoration: underline;\">n\u00e3o atualizado<\/span> que, no caso de <strong>roubo <\/strong>ou <strong>desastre natural<\/strong>, <strong>n\u00e3o atenderia<\/strong> a demanda e os dados da empresa seriam perdidos.<br>Pensando neste cen\u00e1rio, temos um produto personalizado para fazer o backup dos dados dos seus servidores em um <strong>local externo<\/strong>, que pode comportar <strong>v\u00e1rias camadas<\/strong> de altera\u00e7\u00f5es, mantendo suas informa\u00e7\u00f5es <strong>seguras, atualizadas <\/strong>e seu TI pronto pro que der e vier!<br>Esse backup ocorre de forma <strong>agendada <\/strong>e o cliente tem acesso a <strong>relat\u00f3rios da execu\u00e7\u00e3o<\/strong> enviados por e-mail e <strong>recupera\u00e7\u00e3o de arquivos<\/strong> \u00e0 qualquer hora, <strong>sempre que precisar<\/strong>.<\/p>\n\n\n\n<p class=\"has-medium-font-size\">Tenha a seguran\u00e7a de um <strong>datacenter completo<\/strong> trabalhando para a sua empresa:<\/p>\n\n\n\n<figure class=\"wp-block-image size-full\"><img loading=\"lazy\" decoding=\"async\" width=\"911\" height=\"372\" src=\"http:\/\/fullti.com.br\/wp-content\/uploads\/2023\/07\/image-1.png\" alt=\"\" class=\"wp-image-119\" srcset=\"https:\/\/www.fullti.com.br\/wp-content\/uploads\/2023\/07\/image-1.png 911w, https:\/\/www.fullti.com.br\/wp-content\/uploads\/2023\/07\/image-1-300x123.png 300w, https:\/\/www.fullti.com.br\/wp-content\/uploads\/2023\/07\/image-1-768x314.png 768w\" sizes=\"auto, (max-width: 911px) 100vw, 911px\" \/><\/figure>\n","protected":false},"excerpt":{"rendered":"<p>Backup confi\u00e1vel por um pre\u00e7o justo. J\u00e1 se fez o seguinte questionamento: E se meu servidor pegar fogo, for roubado ou invadido por um hacker?Situa\u00e7\u00e3o dif\u00edcil n\u00e9? Pois bem, a maioria das pessoas t\u00eam um backup no mesmo local do servidor, muitas vezes n\u00e3o atualizado que, no caso de roubo ou desastre natural, n\u00e3o atenderia [&hellip;]<\/p>\n","protected":false},"author":1,"featured_media":0,"parent":89,"menu_order":1,"comment_status":"closed","ping_status":"closed","template":"","meta":{"footnotes":""},"class_list":["post-117","page","type-page","status-publish","hentry"],"_links":{"self":[{"href":"https:\/\/www.fullti.com.br\/index.php?rest_route=\/wp\/v2\/pages\/117","targetHints":{"allow":["GET"]}}],"collection":[{"href":"https:\/\/www.fullti.com.br\/index.php?rest_route=\/wp\/v2\/pages"}],"about":[{"href":"https:\/\/www.fullti.com.br\/index.php?rest_route=\/wp\/v2\/types\/page"}],"author":[{"embeddable":true,"href":"https:\/\/www.fullti.com.br\/index.php?rest_route=\/wp\/v2\/users\/1"}],"replies":[{"embeddable":true,"href":"https:\/\/www.fullti.com.br\/index.php?rest_route=%2Fwp%2Fv2%2Fcomments&post=117"}],"version-history":[{"count":13,"href":"https:\/\/www.fullti.com.br\/index.php?rest_route=\/wp\/v2\/pages\/117\/revisions"}],"predecessor-version":[{"id":202,"href":"https:\/\/www.fullti.com.br\/index.php?rest_route=\/wp\/v2\/pages\/117\/revisions\/202"}],"up":[{"embeddable":true,"href":"https:\/\/www.fullti.com.br\/index.php?rest_route=\/wp\/v2\/pages\/89"}],"wp:attachment":[{"href":"https:\/\/www.fullti.com.br\/index.php?rest_route=%2Fwp%2Fv2%2Fmedia&parent=117"}],"curies":[{"name":"wp","href":"https:\/\/api.w.org\/{rel}","templated":true}]}}