{"id":134,"date":"2023-07-24T14:30:17","date_gmt":"2023-07-24T17:30:17","guid":{"rendered":"http:\/\/fullti.com.br\/?page_id=134"},"modified":"2023-07-24T16:41:19","modified_gmt":"2023-07-24T19:41:19","slug":"seguranca-proxy-firewall-e-vpn","status":"publish","type":"page","link":"https:\/\/www.fullti.com.br\/?page_id=134","title":{"rendered":"Seguran\u00e7a, Proxy, Firewall e VPN"},"content":{"rendered":"\n<div class=\"wp-block-cover\"><span aria-hidden=\"true\" class=\"wp-block-cover__background has-background-dim\"><\/span><img loading=\"lazy\" decoding=\"async\" width=\"1024\" height=\"574\" class=\"wp-block-cover__image-background wp-image-135\" alt=\"\" src=\"http:\/\/fullti.com.br\/wp-content\/uploads\/2023\/07\/Os-tipos-de-proxy-e-sua-diferenca-para-VPN-thumb-1024x574.jpg\" style=\"object-position:45% 51%\" data-object-fit=\"cover\" data-object-position=\"45% 51%\" srcset=\"https:\/\/www.fullti.com.br\/wp-content\/uploads\/2023\/07\/Os-tipos-de-proxy-e-sua-diferenca-para-VPN-thumb-1024x574.jpg 1024w, https:\/\/www.fullti.com.br\/wp-content\/uploads\/2023\/07\/Os-tipos-de-proxy-e-sua-diferenca-para-VPN-thumb-300x168.jpg 300w, https:\/\/www.fullti.com.br\/wp-content\/uploads\/2023\/07\/Os-tipos-de-proxy-e-sua-diferenca-para-VPN-thumb-768x431.jpg 768w, https:\/\/www.fullti.com.br\/wp-content\/uploads\/2023\/07\/Os-tipos-de-proxy-e-sua-diferenca-para-VPN-thumb.jpg 1200w\" sizes=\"auto, (max-width: 1024px) 100vw, 1024px\" \/><div class=\"wp-block-cover__inner-container is-layout-flow wp-block-cover-is-layout-flow\">\n<p class=\"has-text-align-left has-x-large-font-size\"><strong>Mantenha sua empresa segura<\/strong><\/p>\n<\/div><\/div>\n\n\n\n<p class=\"has-medium-font-size\"><em><strong><mark>&#8220;A resist\u00eancia de uma corrente \u00e9 determinada pelo seu elo mais fraco&#8221;<\/mark><\/strong><\/em> RAMS\u00c9S II<br>A sua seguran\u00e7a e de seus colaboradores pode estar em risco nesse exato momento! <br>Um s\u00f3 computador desprotegido na rede pode causar transtornos gigantescos \u00e0 todos, desde perda de dados at\u00e9 mesmo fraudes banc\u00e1rias. <br>Al\u00e9m do uso imprescind\u00edvel de um bom antiv\u00edrus, camadas de prote\u00e7\u00e3o como firewall, gerenciador de acessos \u00e0 internet (Proxy) e tunelamento de conex\u00f5es criptografadas no acesso externo atrav\u00e9s de uma rede virtual privada (VPN) ao ambiente da empresa s\u00e3o altamente necess\u00e1rias em um mundo digital cada dia mais hostil. N\u00e3o espere o pior acontecer! <br>Fornecemos a solu\u00e7\u00e3o completa de Firewall, Proxy, VPN e Antiv\u00edrus, testada e aprovada por diversos clientes em diferentes ramos de atividades.<\/p>\n\n\n\n<div class=\"wp-block-cover has-parallax is-repeated\"><span aria-hidden=\"true\" class=\"wp-block-cover__background has-background-dim\"><\/span><div role=\"img\" class=\"wp-block-cover__image-background wp-image-136 has-parallax is-repeated\" style=\"background-position:50% 50%;background-image:url(http:\/\/fullti.com.br\/wp-content\/uploads\/2023\/07\/601627.jpg)\"><\/div><div class=\"wp-block-cover__inner-container is-layout-flow wp-block-cover-is-layout-flow\">\n<p class=\"has-text-align-center has-large-font-size\"><\/p>\n<\/div><\/div>\n\n\n\n<p class=\"has-medium-font-size\">Entre em <a href=\"http:\/\/fullti.com.br\/?page_id=69\">CONTATO<\/a> hoje mesmo!<\/p>\n","protected":false},"excerpt":{"rendered":"<p>&#8220;A resist\u00eancia de uma corrente \u00e9 determinada pelo seu elo mais fraco&#8221; RAMS\u00c9S IIA sua seguran\u00e7a e de seus colaboradores pode estar em risco nesse exato momento! Um s\u00f3 computador desprotegido na rede pode causar transtornos gigantescos \u00e0 todos, desde perda de dados at\u00e9 mesmo fraudes banc\u00e1rias. Al\u00e9m do uso imprescind\u00edvel de um bom antiv\u00edrus, [&hellip;]<\/p>\n","protected":false},"author":1,"featured_media":0,"parent":89,"menu_order":2,"comment_status":"closed","ping_status":"closed","template":"","meta":{"footnotes":""},"class_list":["post-134","page","type-page","status-publish","hentry"],"_links":{"self":[{"href":"https:\/\/www.fullti.com.br\/index.php?rest_route=\/wp\/v2\/pages\/134","targetHints":{"allow":["GET"]}}],"collection":[{"href":"https:\/\/www.fullti.com.br\/index.php?rest_route=\/wp\/v2\/pages"}],"about":[{"href":"https:\/\/www.fullti.com.br\/index.php?rest_route=\/wp\/v2\/types\/page"}],"author":[{"embeddable":true,"href":"https:\/\/www.fullti.com.br\/index.php?rest_route=\/wp\/v2\/users\/1"}],"replies":[{"embeddable":true,"href":"https:\/\/www.fullti.com.br\/index.php?rest_route=%2Fwp%2Fv2%2Fcomments&post=134"}],"version-history":[{"count":21,"href":"https:\/\/www.fullti.com.br\/index.php?rest_route=\/wp\/v2\/pages\/134\/revisions"}],"predecessor-version":[{"id":200,"href":"https:\/\/www.fullti.com.br\/index.php?rest_route=\/wp\/v2\/pages\/134\/revisions\/200"}],"up":[{"embeddable":true,"href":"https:\/\/www.fullti.com.br\/index.php?rest_route=\/wp\/v2\/pages\/89"}],"wp:attachment":[{"href":"https:\/\/www.fullti.com.br\/index.php?rest_route=%2Fwp%2Fv2%2Fmedia&parent=134"}],"curies":[{"name":"wp","href":"https:\/\/api.w.org\/{rel}","templated":true}]}}