{"id":2,"date":"2023-07-21T14:11:31","date_gmt":"2023-07-21T17:11:31","guid":{"rendered":"http:\/\/fullti.com.br\/?page_id=2"},"modified":"2023-07-24T16:18:52","modified_gmt":"2023-07-24T19:18:52","slug":"pagina-exemplo","status":"publish","type":"page","link":"https:\/\/www.fullti.com.br\/","title":{"rendered":"Full TI"},"content":{"rendered":"\n<div class=\"wp-block-cover has-parallax is-repeated\"><span aria-hidden=\"true\" class=\"wp-block-cover__background has-background-dim\"><\/span><div role=\"img\" class=\"wp-block-cover__image-background wp-image-36 has-parallax is-repeated\" style=\"background-position:49% 18%;background-image:url(http:\/\/fullti.com.br\/wp-content\/uploads\/2023\/07\/cropped-scala-data-center-detalha-operacao-na-America-Latina-1.webp)\"><\/div><div class=\"wp-block-cover__inner-container is-layout-flow wp-block-cover-is-layout-flow\">\n<p class=\"has-large-font-size\"><strong>Seu TI, Completo!<\/strong><\/p>\n<\/div><\/div>\n\n\n\n<p class=\"has-medium-font-size\">A<strong> Full TI<\/strong> nasce da ideia de proporcionar ao cliente uma experi\u00eancia completa de gest\u00e3o tecnol\u00f3gica desde o suporte b\u00e1sico ao colaborador de forma amig\u00e1vel e de f\u00e1cil compreens\u00e3o at\u00e9 as opera\u00e7\u00f5es informatizadas mais complexas do ambiente corporativo.<br>H\u00e1 <strong>mais de 20 anos no ramo<\/strong>, temos tudo o que voc\u00ea precisa para sua empresa ter um TI completo!<\/p>\n\n\n\n<p class=\"has-medium-font-size\">Atuamos na Gest\u00e3o de TI, cuidando de todos os&nbsp;assuntos relacionados \u00e0 Inform\u00e1tica, Estrutura de Rede L\u00f3gica, Servidores, Firewall, Controle de Acesso \u00e0 internet, VPN e possibilitando&nbsp;aos nossos clientes e parceiros&nbsp;focar em seus neg\u00f3cios sem preocupa\u00e7\u00f5es relacionadas \u00e0 Tecnologia de Informa\u00e7\u00e3o.<\/p>\n\n\n\n<figure class=\"wp-block-image size-full\"><img loading=\"lazy\" decoding=\"async\" width=\"2122\" height=\"1412\" src=\"http:\/\/fullti.com.br\/wp-content\/uploads\/2023\/07\/a-importancia-da-tecnologia-da-informacao-nas-empresas.jpeg\" alt=\"\" class=\"wp-image-51\" srcset=\"https:\/\/www.fullti.com.br\/wp-content\/uploads\/2023\/07\/a-importancia-da-tecnologia-da-informacao-nas-empresas.jpeg 2122w, https:\/\/www.fullti.com.br\/wp-content\/uploads\/2023\/07\/a-importancia-da-tecnologia-da-informacao-nas-empresas-300x200.jpeg 300w, https:\/\/www.fullti.com.br\/wp-content\/uploads\/2023\/07\/a-importancia-da-tecnologia-da-informacao-nas-empresas-1024x681.jpeg 1024w, https:\/\/www.fullti.com.br\/wp-content\/uploads\/2023\/07\/a-importancia-da-tecnologia-da-informacao-nas-empresas-768x511.jpeg 768w, https:\/\/www.fullti.com.br\/wp-content\/uploads\/2023\/07\/a-importancia-da-tecnologia-da-informacao-nas-empresas-1536x1022.jpeg 1536w, https:\/\/www.fullti.com.br\/wp-content\/uploads\/2023\/07\/a-importancia-da-tecnologia-da-informacao-nas-empresas-2048x1363.jpeg 2048w\" sizes=\"auto, (max-width: 2122px) 100vw, 2122px\" \/><\/figure>\n\n\n\n<p class=\"has-medium-font-size\">N\u00e3o perca tempo e agende uma visita hoje mesmo e tenha nosso time altamente especializado cuidando dessa \u00e1rea que \u00e9 uma das mais importantes para a qualquer empresa! Clique <a href=\"http:\/\/fullti.com.br\/?page_id=89\">AQUI<\/a> e saiba mais<\/p>\n","protected":false},"excerpt":{"rendered":"<p>A Full TI nasce da ideia de proporcionar ao cliente uma experi\u00eancia completa de gest\u00e3o tecnol\u00f3gica desde o suporte b\u00e1sico ao colaborador de forma amig\u00e1vel e de f\u00e1cil compreens\u00e3o at\u00e9 as opera\u00e7\u00f5es informatizadas mais complexas do ambiente corporativo.H\u00e1 mais de 20 anos no ramo, temos tudo o que voc\u00ea precisa para sua empresa ter um [&hellip;]<\/p>\n","protected":false},"author":1,"featured_media":0,"parent":0,"menu_order":0,"comment_status":"closed","ping_status":"closed","template":"","meta":{"footnotes":""},"class_list":["post-2","page","type-page","status-publish","hentry"],"_links":{"self":[{"href":"https:\/\/www.fullti.com.br\/index.php?rest_route=\/wp\/v2\/pages\/2","targetHints":{"allow":["GET"]}}],"collection":[{"href":"https:\/\/www.fullti.com.br\/index.php?rest_route=\/wp\/v2\/pages"}],"about":[{"href":"https:\/\/www.fullti.com.br\/index.php?rest_route=\/wp\/v2\/types\/page"}],"author":[{"embeddable":true,"href":"https:\/\/www.fullti.com.br\/index.php?rest_route=\/wp\/v2\/users\/1"}],"replies":[{"embeddable":true,"href":"https:\/\/www.fullti.com.br\/index.php?rest_route=%2Fwp%2Fv2%2Fcomments&post=2"}],"version-history":[{"count":20,"href":"https:\/\/www.fullti.com.br\/index.php?rest_route=\/wp\/v2\/pages\/2\/revisions"}],"predecessor-version":[{"id":192,"href":"https:\/\/www.fullti.com.br\/index.php?rest_route=\/wp\/v2\/pages\/2\/revisions\/192"}],"wp:attachment":[{"href":"https:\/\/www.fullti.com.br\/index.php?rest_route=%2Fwp%2Fv2%2Fmedia&parent=2"}],"curies":[{"name":"wp","href":"https:\/\/api.w.org\/{rel}","templated":true}]}}