{"id":69,"date":"2023-07-24T09:08:57","date_gmt":"2023-07-24T12:08:57","guid":{"rendered":"http:\/\/fullti.com.br\/?page_id=69"},"modified":"2023-08-11T17:13:07","modified_gmt":"2023-08-11T20:13:07","slug":"contato","status":"publish","type":"page","link":"https:\/\/www.fullti.com.br\/?page_id=69","title":{"rendered":"Contato"},"content":{"rendered":"\n<div class=\"wp-block-cover is-light\"><span aria-hidden=\"true\" class=\"wp-block-cover__background has-background-dim\"><\/span><img loading=\"lazy\" decoding=\"async\" width=\"1024\" height=\"411\" class=\"wp-block-cover__image-background wp-image-115\" alt=\"\" src=\"http:\/\/fullti.com.br\/wp-content\/uploads\/2023\/07\/imagem-principal-gestao-carteira-de-clientes-1024x411.jpg\" style=\"object-position:44% 47%\" data-object-fit=\"cover\" data-object-position=\"44% 47%\" srcset=\"https:\/\/www.fullti.com.br\/wp-content\/uploads\/2023\/07\/imagem-principal-gestao-carteira-de-clientes-1024x411.jpg 1024w, https:\/\/www.fullti.com.br\/wp-content\/uploads\/2023\/07\/imagem-principal-gestao-carteira-de-clientes-300x120.jpg 300w, https:\/\/www.fullti.com.br\/wp-content\/uploads\/2023\/07\/imagem-principal-gestao-carteira-de-clientes-768x308.jpg 768w, https:\/\/www.fullti.com.br\/wp-content\/uploads\/2023\/07\/imagem-principal-gestao-carteira-de-clientes-1536x616.jpg 1536w, https:\/\/www.fullti.com.br\/wp-content\/uploads\/2023\/07\/imagem-principal-gestao-carteira-de-clientes-2048x822.jpg 2048w\" sizes=\"auto, (max-width: 1024px) 100vw, 1024px\" \/><div class=\"wp-block-cover__inner-container is-layout-flow wp-block-cover-is-layout-flow\">\n<p class=\"has-text-align-left has-white-color has-text-color has-x-large-font-size\"><strong>Contato<\/strong><\/p>\n<\/div><\/div>\n\n\n\n<p class=\"has-medium-font-size\">Entre em contato hoje mesmo e tenha o melhor atendimento em sua empresa!<\/p>\n\n\n\n<p class=\"has-medium-font-size\"><strong>Telefone:<\/strong> <br><strong>(11) 2642-7740<\/strong><\/p>\n\n\n\n<p class=\"has-medium-font-size\"><strong>\u200bE-mail:<\/strong><br><strong><a href=\"mailto:contato@conexaosystem.com.br\">contato@fullti.com.br<\/a><\/strong><\/p>\n\n\n\n<p class=\"has-medium-font-size\">\u200b<strong>Endere\u00e7o<\/strong>: <br><strong>Rua Celestino Gon\u00e7alves Bueno, 369 <\/strong><br><strong>Vila Londrina &#8211; S\u00e3o Paulo &#8211; SP<\/strong><br><strong>CEP&nbsp;03732-080<\/strong><\/p>\n\n\n\n<iframe src=\"https:\/\/www.google.com\/maps\/embed?pb=!1m18!1m12!1m3!1d3658.6128766098627!2d-46.5349088237543!3d-23.510449359725502!2m3!1f0!2f0!3f0!3m2!1i1024!2i768!4f13.1!3m3!1m2!1s0x94ce5fcb09d6d277%3A0x72c1b040ad2d50c8!2sR.%20Celestino%20Gon%C3%A7alves%20Bueno%2C%20369%20-%20Vila%20Londrina%2C%20S%C3%A3o%20Paulo%20-%20SP%2C%2003732-080!5e0!3m2!1spt-BR!2sbr!4v1691784625477!5m2!1spt-BR!2sbr\" width=\"800\" height=\"400\" style=\"border:0;\" allowfullscreen=\"\" loading=\"lazy\" referrerpolicy=\"no-referrer-when-downgrade\"><\/iframe>\n","protected":false},"excerpt":{"rendered":"<p>Entre em contato hoje mesmo e tenha o melhor atendimento em sua empresa! Telefone: (11) 2642-7740 \u200bE-mail:contato@fullti.com.br \u200bEndere\u00e7o: Rua Celestino Gon\u00e7alves Bueno, 369 Vila Londrina &#8211; S\u00e3o Paulo &#8211; SPCEP&nbsp;03732-080<\/p>\n","protected":false},"author":1,"featured_media":0,"parent":0,"menu_order":0,"comment_status":"closed","ping_status":"closed","template":"","meta":{"footnotes":""},"class_list":["post-69","page","type-page","status-publish","hentry"],"_links":{"self":[{"href":"https:\/\/www.fullti.com.br\/index.php?rest_route=\/wp\/v2\/pages\/69","targetHints":{"allow":["GET"]}}],"collection":[{"href":"https:\/\/www.fullti.com.br\/index.php?rest_route=\/wp\/v2\/pages"}],"about":[{"href":"https:\/\/www.fullti.com.br\/index.php?rest_route=\/wp\/v2\/types\/page"}],"author":[{"embeddable":true,"href":"https:\/\/www.fullti.com.br\/index.php?rest_route=\/wp\/v2\/users\/1"}],"replies":[{"embeddable":true,"href":"https:\/\/www.fullti.com.br\/index.php?rest_route=%2Fwp%2Fv2%2Fcomments&post=69"}],"version-history":[{"count":17,"href":"https:\/\/www.fullti.com.br\/index.php?rest_route=\/wp\/v2\/pages\/69\/revisions"}],"predecessor-version":[{"id":212,"href":"https:\/\/www.fullti.com.br\/index.php?rest_route=\/wp\/v2\/pages\/69\/revisions\/212"}],"wp:attachment":[{"href":"https:\/\/www.fullti.com.br\/index.php?rest_route=%2Fwp%2Fv2%2Fmedia&parent=69"}],"curies":[{"name":"wp","href":"https:\/\/api.w.org\/{rel}","templated":true}]}}