{"id":89,"date":"2023-07-24T10:20:31","date_gmt":"2023-07-24T13:20:31","guid":{"rendered":"http:\/\/fullti.com.br\/?page_id=89"},"modified":"2023-07-25T09:29:40","modified_gmt":"2023-07-25T12:29:40","slug":"servicos","status":"publish","type":"page","link":"https:\/\/www.fullti.com.br\/?page_id=89","title":{"rendered":"Servi\u00e7os"},"content":{"rendered":"\n<div class=\"wp-block-cover has-parallax\" style=\"min-height:348px;aspect-ratio:unset;\"><span aria-hidden=\"true\" class=\"wp-block-cover__background has-background-dim\"><\/span><div role=\"img\" class=\"wp-block-cover__image-background wp-image-91 has-parallax\" style=\"background-position:50% 50%;background-image:url(http:\/\/fullti.com.br\/wp-content\/uploads\/2023\/07\/servers-edited.jpg)\"><\/div><div class=\"wp-block-cover__inner-container is-layout-flow wp-block-cover-is-layout-flow\">\n<p class=\"has-text-align-left has-x-large-font-size\"><strong>Servi\u00e7os<\/strong><\/p>\n\n\n\n<p><\/p>\n\n\n\n<p><\/p>\n<\/div><\/div>\n\n\n\n<p class=\"has-medium-font-size\">Nossa assessoria atua no sentido de oferecer ao propriet\u00e1rio\/CEO da empresa as corre\u00e7\u00f5es, orienta\u00e7\u00f5es e melhorias que podem ser implantadas em seu ambiente tecnol\u00f3gico, visando plena <strong>confidencialidade, integridade e disponibilidade<\/strong> da informa\u00e7\u00e3o.<br>Como funciona: Inicialmente \u00e9 feito o levantamento do cen\u00e1rio integral, buscando avaliar a <strong>estrutura f\u00edsica e l\u00f3gica<\/strong>, <strong>backup<\/strong>, <strong>seguran\u00e7a<\/strong>, <strong>redund\u00e2ncia,<\/strong> <strong>demanda <\/strong>dos sistemas utilizados, al\u00e9m de entrevistas para saber a <strong>real necessidade dos colaboradores<\/strong>. Em seguida \u00e9 feita a valida\u00e7\u00e3o dessa apura\u00e7\u00e3o junto \u00e0 dire\u00e7\u00e3o para posteriormente encaminharmos o projeto para execu\u00e7\u00e3o. <br><\/p>\n\n\n\n<p class=\"has-medium-font-size\">Nosso <strong>monitoramento <\/strong>\u00e9 di\u00e1rio, tornando assim poss\u00edvel <strong>detectarmos antecipadamente imprevistos<\/strong> que possam acarretar maior tempo de parada dos computadores, rede e servidores, tudo com total <strong>transpar\u00eancia <\/strong>e <strong>profissionalismo <\/strong>que s\u00f3 quem est\u00e1 <strong>h\u00e1 mais de 20 anos<\/strong> no ramo pode ter.<\/p>\n\n\n\n<figure class=\"wp-block-image size-large\"><img loading=\"lazy\" decoding=\"async\" width=\"1024\" height=\"241\" src=\"https:\/\/fullti.com.br\/wp-content\/uploads\/2023\/07\/18-Como-as-transportadoras-devem-realizar-o-monitoramento-de-ocorrencias-1400x460-1-1024x241.png\" alt=\"\" class=\"wp-image-204\" srcset=\"https:\/\/www.fullti.com.br\/wp-content\/uploads\/2023\/07\/18-Como-as-transportadoras-devem-realizar-o-monitoramento-de-ocorrencias-1400x460-1-1024x241.png 1024w, https:\/\/www.fullti.com.br\/wp-content\/uploads\/2023\/07\/18-Como-as-transportadoras-devem-realizar-o-monitoramento-de-ocorrencias-1400x460-1-300x71.png 300w, https:\/\/www.fullti.com.br\/wp-content\/uploads\/2023\/07\/18-Como-as-transportadoras-devem-realizar-o-monitoramento-de-ocorrencias-1400x460-1-768x181.png 768w, https:\/\/www.fullti.com.br\/wp-content\/uploads\/2023\/07\/18-Como-as-transportadoras-devem-realizar-o-monitoramento-de-ocorrencias-1400x460-1.png 1400w\" sizes=\"auto, (max-width: 1024px) 100vw, 1024px\" \/><\/figure>\n\n\n\n<p class=\"has-medium-font-size\">Oferecemos <strong>Contratos de Manuten\u00e7\u00e3o Preventiva e Corretiva<\/strong> de forma muito <strong>flex\u00edvel<\/strong> podendo mesclar <strong>atendimentos presenciais e remotos<\/strong> da forma que melhor atenda \u00e0 necessidade de cada cliente, sem custo de um profissional interno e com a cobertura de uma equipe <strong>treinada<\/strong>, <strong>capacitada <\/strong>e <strong>dispon\u00edvel <\/strong>o ano inteiro. \u00c9 <strong>ideal <\/strong>para empresas de pequeno e m\u00e9dio porte, \u200bpois alia o conhecimento em suporte multin\u00edveis \u00e0 agilidade no atendimento para r\u00e1pida solu\u00e7\u00e3o dos problemas.\u200b<br><\/p>\n\n\n\n<p class=\"has-medium-font-size\">Dispomos de sistema de <a href=\"http:\/\/fullti.com.br\/?page_id=117\">Backup em Nuvem<\/a> (Um backup confi\u00e1vel \u00e9 <strong>fundamental<\/strong>) totalmente personalizado para evitar que perdas de dados possam arruinar seus neg\u00f3cios, al\u00e9m de<a href=\"http:\/\/fullti.com.br\/?page_id=134\"> Solu\u00e7\u00f5es para Seguran\u00e7a<\/a> da Internet, duplicidade de links de internet (redund\u00e2ncia\/failover), <strong>controle de acesso \u00e0 sites<\/strong>, conex\u00e3o remota segura por <strong>VPN <\/strong>e muito mais!<br>Entre em <a href=\"http:\/\/fullti.com.br\/?page_id=69\">CONTATO<\/a> hoje mesmo!<\/p>\n\n\n\n<p>\u200b<\/p>\n","protected":false},"excerpt":{"rendered":"<p>Nossa assessoria atua no sentido de oferecer ao propriet\u00e1rio\/CEO da empresa as corre\u00e7\u00f5es, orienta\u00e7\u00f5es e melhorias que podem ser implantadas em seu ambiente tecnol\u00f3gico, visando plena confidencialidade, integridade e disponibilidade da informa\u00e7\u00e3o.Como funciona: Inicialmente \u00e9 feito o levantamento do cen\u00e1rio integral, buscando avaliar a estrutura f\u00edsica e l\u00f3gica, backup, seguran\u00e7a, redund\u00e2ncia, demanda dos sistemas utilizados, [&hellip;]<\/p>\n","protected":false},"author":1,"featured_media":0,"parent":0,"menu_order":0,"comment_status":"closed","ping_status":"closed","template":"","meta":{"footnotes":""},"class_list":["post-89","page","type-page","status-publish","hentry"],"_links":{"self":[{"href":"https:\/\/www.fullti.com.br\/index.php?rest_route=\/wp\/v2\/pages\/89","targetHints":{"allow":["GET"]}}],"collection":[{"href":"https:\/\/www.fullti.com.br\/index.php?rest_route=\/wp\/v2\/pages"}],"about":[{"href":"https:\/\/www.fullti.com.br\/index.php?rest_route=\/wp\/v2\/types\/page"}],"author":[{"embeddable":true,"href":"https:\/\/www.fullti.com.br\/index.php?rest_route=\/wp\/v2\/users\/1"}],"replies":[{"embeddable":true,"href":"https:\/\/www.fullti.com.br\/index.php?rest_route=%2Fwp%2Fv2%2Fcomments&post=89"}],"version-history":[{"count":23,"href":"https:\/\/www.fullti.com.br\/index.php?rest_route=\/wp\/v2\/pages\/89\/revisions"}],"predecessor-version":[{"id":205,"href":"https:\/\/www.fullti.com.br\/index.php?rest_route=\/wp\/v2\/pages\/89\/revisions\/205"}],"wp:attachment":[{"href":"https:\/\/www.fullti.com.br\/index.php?rest_route=%2Fwp%2Fv2%2Fmedia&parent=89"}],"curies":[{"name":"wp","href":"https:\/\/api.w.org\/{rel}","templated":true}]}}